{"id":10,"date":"2025-12-30T23:01:58","date_gmt":"2025-12-30T23:01:58","guid":{"rendered":"http:\/\/strefae.cluster100.hosting.ovh.net\/?page_id=10"},"modified":"2026-01-04T22:00:06","modified_gmt":"2026-01-04T22:00:06","slug":"10-2","status":"publish","type":"page","link":"https:\/\/strefaoparcia.pro\/","title":{"rendered":"strefaoparcia"},"content":{"rendered":"\n<div class=\"wp-block-group alignfull has-global-padding is-layout-constrained wp-container-core-group-is-layout-efd0ff4f wp-block-group-is-layout-constrained\" style=\"margin-top:0;margin-bottom:0;padding-top:var(--wp--preset--spacing--50);padding-bottom:var(--wp--preset--spacing--50)\">\n<div class=\"wp-block-columns alignwide is-layout-flex wp-container-core-columns-is-layout-79fb870f wp-block-columns-is-layout-flex\">\n<div class=\"wp-block-column is-vertically-aligned-top is-layout-flow wp-block-column-is-layout-flow\">\n<figure class=\"wp-block-image size-full is-resized\" style=\"margin-bottom:24px\"><img loading=\"lazy\" decoding=\"async\" width=\"400\" height=\"229\" src=\"http:\/\/strefae.cluster100.hosting.ovh.net\/wp-content\/uploads\/2025\/12\/lewyg-1.jpeg\" alt=\"\" class=\"wp-image-13\" style=\"aspect-ratio:1.3333333333333333;object-fit:cover;width:722px;height:auto\" srcset=\"https:\/\/strefaoparcia.pro\/wp-content\/uploads\/2025\/12\/lewyg-1.jpeg 400w, https:\/\/strefaoparcia.pro\/wp-content\/uploads\/2025\/12\/lewyg-1-300x172.jpeg 300w\" sizes=\"auto, (max-width: 400px) 100vw, 400px\" \/><\/figure>\n\n\n\n<div class=\"wp-block-group has-global-padding is-content-justification-center is-layout-constrained wp-block-group-is-layout-constrained\">\n<ul class=\"wp-block-list\">\n<li>Szkolenia, konferencje, warsztaty dla:\n<ul class=\"wp-block-list\">\n<li>gmin i urz\u0119d\u00f3w miast<\/li>\n\n\n\n<li>starostw powiatowych<\/li>\n\n\n\n<li>plac\u00f3wek o\u015bwiatowych<\/li>\n<\/ul>\n<\/li>\n<\/ul>\n<\/div>\n<\/div>\n\n\n\n<div class=\"wp-block-column is-vertically-aligned-top is-layout-flow wp-block-column-is-layout-flow\">\n<figure class=\"wp-block-image size-full\" style=\"margin-bottom:24px\"><img loading=\"lazy\" decoding=\"async\" width=\"1080\" height=\"675\" src=\"http:\/\/strefae.cluster100.hosting.ovh.net\/wp-content\/uploads\/2025\/12\/srodekg-1.jpg\" alt=\"\" class=\"wp-image-14\" style=\"aspect-ratio:4\/3;object-fit:cover\" srcset=\"https:\/\/strefaoparcia.pro\/wp-content\/uploads\/2025\/12\/srodekg-1.jpg 1080w, https:\/\/strefaoparcia.pro\/wp-content\/uploads\/2025\/12\/srodekg-1-300x188.jpg 300w, https:\/\/strefaoparcia.pro\/wp-content\/uploads\/2025\/12\/srodekg-1-1024x640.jpg 1024w, https:\/\/strefaoparcia.pro\/wp-content\/uploads\/2025\/12\/srodekg-1-768x480.jpg 768w\" sizes=\"auto, (max-width: 1080px) 100vw, 1080px\" \/><\/figure>\n\n\n\n<ul class=\"wp-block-list\">\n<li>Profilaktyka uzale\u017cnie\u0144 <\/li>\n\n\n\n<li>Przeciwdzia\u0142anie przemocy <\/li>\n\n\n\n<li>Ochrona ma\u0142oletnich<\/li>\n<\/ul>\n\n\n\n<div class=\"wp-block-group has-global-padding is-layout-constrained wp-block-group-is-layout-constrained\"><\/div>\n<\/div>\n\n\n\n<div class=\"wp-block-column is-vertically-aligned-top is-layout-flow wp-block-column-is-layout-flow\">\n<figure class=\"wp-block-image size-full\" style=\"margin-bottom:24px\"><img loading=\"lazy\" decoding=\"async\" width=\"652\" height=\"446\" src=\"http:\/\/strefae.cluster100.hosting.ovh.net\/wp-content\/uploads\/2025\/12\/prawyg.jpeg\" alt=\"\" class=\"wp-image-15\" style=\"aspect-ratio:4\/3;object-fit:cover\" srcset=\"https:\/\/strefaoparcia.pro\/wp-content\/uploads\/2025\/12\/prawyg.jpeg 652w, https:\/\/strefaoparcia.pro\/wp-content\/uploads\/2025\/12\/prawyg-300x205.jpeg 300w\" sizes=\"auto, (max-width: 652px) 100vw, 652px\" \/><\/figure>\n\n\n\n<ul class=\"wp-block-list\">\n<li>Szkolenia zgodne z aktualnymi przepisami prawa<\/li>\n\n\n\n<li>Realizacja obowi\u0105zk\u00f3w Standard\u00f3w Ochrony Ma\u0142oletnich<\/li>\n\n\n\n<li>Praktyczne podej\u015bcie do realnych sytuacji<\/li>\n\n\n\n<li>Programy dostosowane do potrzeb instytucji<\/li>\n<\/ul>\n<\/div>\n<\/div>\n<\/div>\n\n\n\n<div class=\"wp-block-group alignfull has-global-padding is-layout-constrained wp-container-core-group-is-layout-efd0ff4f wp-block-group-is-layout-constrained\" style=\"margin-top:0;margin-bottom:0;padding-top:var(--wp--preset--spacing--50);padding-bottom:var(--wp--preset--spacing--50)\">\n<div class=\"wp-block-columns alignwide is-not-stacked-on-mobile is-layout-flex wp-container-core-columns-is-layout-79fb870f wp-block-columns-is-layout-flex\">\n<div class=\"wp-block-column is-layout-flow wp-block-column-is-layout-flow\">\n<figure class=\"wp-block-image size-full is-resized\" style=\"margin-bottom:24px\"><img loading=\"lazy\" decoding=\"async\" width=\"1600\" height=\"1068\" src=\"https:\/\/strefaoparcia.pro\/wp-content\/uploads\/2025\/12\/Warsztaty_tradycja_3.jpg\" alt=\"\" class=\"wp-image-34\" style=\"aspect-ratio:1.3333333333333333;object-fit:cover;width:428px;height:auto\" srcset=\"https:\/\/strefaoparcia.pro\/wp-content\/uploads\/2025\/12\/Warsztaty_tradycja_3.jpg 1600w, https:\/\/strefaoparcia.pro\/wp-content\/uploads\/2025\/12\/Warsztaty_tradycja_3-300x200.jpg 300w, https:\/\/strefaoparcia.pro\/wp-content\/uploads\/2025\/12\/Warsztaty_tradycja_3-1024x684.jpg 1024w, https:\/\/strefaoparcia.pro\/wp-content\/uploads\/2025\/12\/Warsztaty_tradycja_3-768x513.jpg 768w, https:\/\/strefaoparcia.pro\/wp-content\/uploads\/2025\/12\/Warsztaty_tradycja_3-1536x1025.jpg 1536w\" sizes=\"auto, (max-width: 1600px) 100vw, 1600px\" \/><\/figure>\n<\/div>\n\n\n\n<div class=\"wp-block-column is-layout-flow wp-block-column-is-layout-flow\">\n<figure class=\"wp-block-image size-full\" style=\"margin-bottom:24px\"><img loading=\"lazy\" decoding=\"async\" width=\"2000\" height=\"1333\" src=\"https:\/\/strefaoparcia.pro\/wp-content\/uploads\/2025\/12\/sala_srodek.jpg\" alt=\"\" class=\"wp-image-35\" style=\"aspect-ratio:4\/3;object-fit:cover\" srcset=\"https:\/\/strefaoparcia.pro\/wp-content\/uploads\/2025\/12\/sala_srodek.jpg 2000w, https:\/\/strefaoparcia.pro\/wp-content\/uploads\/2025\/12\/sala_srodek-300x200.jpg 300w, https:\/\/strefaoparcia.pro\/wp-content\/uploads\/2025\/12\/sala_srodek-1024x682.jpg 1024w, https:\/\/strefaoparcia.pro\/wp-content\/uploads\/2025\/12\/sala_srodek-768x512.jpg 768w, https:\/\/strefaoparcia.pro\/wp-content\/uploads\/2025\/12\/sala_srodek-1536x1024.jpg 1536w\" sizes=\"auto, (max-width: 2000px) 100vw, 2000px\" \/><\/figure>\n<\/div>\n\n\n\n<div class=\"wp-block-column is-layout-flow wp-block-column-is-layout-flow\">\n<figure class=\"wp-block-image size-full\" style=\"margin-bottom:24px\"><img loading=\"lazy\" decoding=\"async\" width=\"800\" height=\"446\" src=\"https:\/\/strefaoparcia.pro\/wp-content\/uploads\/2025\/12\/wyklad_dlugopis.webp\" alt=\"\" class=\"wp-image-36\" style=\"aspect-ratio:4\/3;object-fit:cover\" srcset=\"https:\/\/strefaoparcia.pro\/wp-content\/uploads\/2025\/12\/wyklad_dlugopis.webp 800w, https:\/\/strefaoparcia.pro\/wp-content\/uploads\/2025\/12\/wyklad_dlugopis-300x167.webp 300w, https:\/\/strefaoparcia.pro\/wp-content\/uploads\/2025\/12\/wyklad_dlugopis-768x428.webp 768w\" sizes=\"auto, (max-width: 800px) 100vw, 800px\" \/><\/figure>\n<\/div>\n<\/div>\n<\/div>\n\n\n\n<h3 class=\"wp-block-heading\">Wsparcie dla instytucji publicznych<\/h3>\n\n\n\n<p class=\"wp-block-paragraph\">Szkolenia Strefy Oparcia maj\u0105 <strong>praktyczny charakter<\/strong> i s\u0105 dostosowane do reali\u00f3w pracy:<\/p>\n\n\n\n<ul class=\"wp-block-list\">\n<li>nauczycieli i wychowawc\u00f3w,<\/li>\n\n\n\n<li>pedagog\u00f3w i psycholog\u00f3w,<\/li>\n\n\n\n<li>pracownik\u00f3w OPS i PCPR,<\/li>\n\n\n\n<li>urz\u0119dnik\u00f3w samorz\u0105dowych.<\/li>\n<\/ul>\n\n\n\n<p class=\"wp-block-paragraph\">Celem szkole\u0144 jest <strong>podnoszenie kompetencji kadry<\/strong> oraz wspieranie instytucji w skutecznej realizacji ich ustawowych zada\u0144.<\/p>\n\n\n\n<p class=\"wp-block-paragraph\"><\/p>\n\n\n\n<div class=\"wp-block-group alignfull has-global-padding is-layout-constrained wp-container-core-group-is-layout-efd0ff4f wp-block-group-is-layout-constrained\" style=\"margin-top:0;margin-bottom:0;padding-top:var(--wp--preset--spacing--50);padding-bottom:var(--wp--preset--spacing--50)\">\n<div class=\"wp-block-columns alignwide is-not-stacked-on-mobile is-layout-flex wp-container-core-columns-is-layout-79fb870f wp-block-columns-is-layout-flex\">\n<div class=\"wp-block-column is-layout-flow wp-block-column-is-layout-flow\">\n<figure class=\"wp-block-image size-full is-resized\" style=\"margin-bottom:24px\"><img loading=\"lazy\" decoding=\"async\" width=\"1170\" height=\"536\" src=\"https:\/\/strefaoparcia.pro\/wp-content\/uploads\/2025\/12\/Potencjal-zespolu-1170x536-1.webp\" alt=\"\" class=\"wp-image-39\" style=\"aspect-ratio:1.3333333333333333;object-fit:cover;width:428px;height:auto\" srcset=\"https:\/\/strefaoparcia.pro\/wp-content\/uploads\/2025\/12\/Potencjal-zespolu-1170x536-1.webp 1170w, https:\/\/strefaoparcia.pro\/wp-content\/uploads\/2025\/12\/Potencjal-zespolu-1170x536-1-300x137.webp 300w, https:\/\/strefaoparcia.pro\/wp-content\/uploads\/2025\/12\/Potencjal-zespolu-1170x536-1-1024x469.webp 1024w, https:\/\/strefaoparcia.pro\/wp-content\/uploads\/2025\/12\/Potencjal-zespolu-1170x536-1-768x352.webp 768w\" sizes=\"auto, (max-width: 1170px) 100vw, 1170px\" \/><\/figure>\n<\/div>\n\n\n\n<div class=\"wp-block-column is-layout-flow wp-block-column-is-layout-flow\">\n<figure class=\"wp-block-image size-full\" style=\"margin-bottom:24px\"><img loading=\"lazy\" decoding=\"async\" width=\"1920\" height=\"845\" src=\"https:\/\/strefaoparcia.pro\/wp-content\/uploads\/2025\/12\/szkolenie-nauczycieli-2.webp\" alt=\"\" class=\"wp-image-40\" style=\"aspect-ratio:4\/3;object-fit:cover\" srcset=\"https:\/\/strefaoparcia.pro\/wp-content\/uploads\/2025\/12\/szkolenie-nauczycieli-2.webp 1920w, https:\/\/strefaoparcia.pro\/wp-content\/uploads\/2025\/12\/szkolenie-nauczycieli-2-300x132.webp 300w, https:\/\/strefaoparcia.pro\/wp-content\/uploads\/2025\/12\/szkolenie-nauczycieli-2-1024x451.webp 1024w, https:\/\/strefaoparcia.pro\/wp-content\/uploads\/2025\/12\/szkolenie-nauczycieli-2-768x338.webp 768w, https:\/\/strefaoparcia.pro\/wp-content\/uploads\/2025\/12\/szkolenie-nauczycieli-2-1536x676.webp 1536w\" sizes=\"auto, (max-width: 1920px) 100vw, 1920px\" \/><\/figure>\n<\/div>\n\n\n\n<div class=\"wp-block-column is-layout-flow wp-block-column-is-layout-flow\">\n<figure class=\"wp-block-image size-full\" style=\"margin-bottom:24px\"><img loading=\"lazy\" decoding=\"async\" width=\"1740\" height=\"1160\" src=\"https:\/\/strefaoparcia.pro\/wp-content\/uploads\/2025\/12\/photo-1551135049-8a33b5883817.png\" alt=\"\" class=\"wp-image-42\" style=\"aspect-ratio:4\/3;object-fit:cover\" srcset=\"https:\/\/strefaoparcia.pro\/wp-content\/uploads\/2025\/12\/photo-1551135049-8a33b5883817.png 1740w, https:\/\/strefaoparcia.pro\/wp-content\/uploads\/2025\/12\/photo-1551135049-8a33b5883817-300x200.png 300w, https:\/\/strefaoparcia.pro\/wp-content\/uploads\/2025\/12\/photo-1551135049-8a33b5883817-1024x683.png 1024w, https:\/\/strefaoparcia.pro\/wp-content\/uploads\/2025\/12\/photo-1551135049-8a33b5883817-768x512.png 768w, https:\/\/strefaoparcia.pro\/wp-content\/uploads\/2025\/12\/photo-1551135049-8a33b5883817-1536x1024.png 1536w\" sizes=\"auto, (max-width: 1740px) 100vw, 1740px\" \/><\/figure>\n<\/div>\n<\/div>\n<\/div>\n\n\n\n<h3 class=\"wp-block-heading\">Zakres dzia\u0142alno\u015bci<\/h3>\n\n\n\n<ul class=\"wp-block-list\">\n<li>profilaktyka uzale\u017cnie\u0144 dzieci i m\u0142odzie\u017cy<\/li>\n\n\n\n<li>przeciwdzia\u0142anie przemocy domowej<\/li>\n\n\n\n<li>przemoc r\u00f3wie\u015bnicza i procedury post\u0119powania<\/li>\n\n\n\n<li>Standardy Ochrony Ma\u0142oletnich<\/li>\n\n\n\n<li>wsparcie kadry o\u015bwiatowej i samorz\u0105dowej<\/li>\n<\/ul>\n\n\n\n<p class=\"wp-block-paragraph\">Programy szkole\u0144 mog\u0105 by\u0107 <strong>dostosowane do potrzeb konkretnej plac\u00f3wki lub jednostki samorz\u0105du<\/strong>.<\/p>\n\n\n\n<h3 class=\"wp-block-heading\">Dlaczego warto wybra\u0107 Stref\u0119 Oparcia<\/h3>\n\n\n\n<ul class=\"wp-block-list\">\n<li>zgodno\u015b\u0107 z aktualnymi przepisami prawa<\/li>\n\n\n\n<li>praktyczne podej\u015bcie do realnych problem\u00f3w<\/li>\n\n\n\n<li>do\u015bwiadczenie w pracy z sektorem publicznym<\/li>\n\n\n\n<li>szkolenia stacjonarne i online<\/li>\n\n\n\n<li>jasny, zrozumia\u0142y przekaz<\/li>\n<\/ul>\n\n\n\n<div class=\"wp-block-group alignfull has-global-padding is-layout-constrained wp-container-core-group-is-layout-efd0ff4f wp-block-group-is-layout-constrained\" style=\"margin-top:0;margin-bottom:0;padding-top:var(--wp--preset--spacing--50);padding-bottom:var(--wp--preset--spacing--50)\">\n<div class=\"wp-block-columns alignwide is-not-stacked-on-mobile is-layout-flex wp-container-core-columns-is-layout-79fb870f wp-block-columns-is-layout-flex\">\n<div class=\"wp-block-column is-layout-flow wp-block-column-is-layout-flow\">\n<figure class=\"wp-block-image size-full is-resized\" style=\"margin-bottom:24px\"><img loading=\"lazy\" decoding=\"async\" width=\"900\" height=\"569\" src=\"https:\/\/strefaoparcia.pro\/wp-content\/uploads\/2025\/12\/Zrzut-ekranu-2016-10-04-o-21.54.35-e1475611184703.png\" alt=\"\" class=\"wp-image-58\" style=\"aspect-ratio:1.3333333333333333;object-fit:cover;width:428px;height:auto\" srcset=\"https:\/\/strefaoparcia.pro\/wp-content\/uploads\/2025\/12\/Zrzut-ekranu-2016-10-04-o-21.54.35-e1475611184703.png 900w, https:\/\/strefaoparcia.pro\/wp-content\/uploads\/2025\/12\/Zrzut-ekranu-2016-10-04-o-21.54.35-e1475611184703-300x190.png 300w, https:\/\/strefaoparcia.pro\/wp-content\/uploads\/2025\/12\/Zrzut-ekranu-2016-10-04-o-21.54.35-e1475611184703-768x486.png 768w\" sizes=\"auto, (max-width: 900px) 100vw, 900px\" \/><\/figure>\n<\/div>\n\n\n\n<div class=\"wp-block-column is-layout-flow wp-block-column-is-layout-flow\">\n<figure class=\"wp-block-image size-full is-resized\" style=\"margin-bottom:24px\"><img loading=\"lazy\" decoding=\"async\" width=\"400\" height=\"400\" src=\"https:\/\/strefaoparcia.pro\/wp-content\/uploads\/2025\/12\/pusty-notatnik-kawa-i-telefon-na-biurku-400-121957175.jpg\" alt=\"\" class=\"wp-image-52\" style=\"aspect-ratio:1.3333333333333333;object-fit:cover;width:428px;height:auto\" srcset=\"https:\/\/strefaoparcia.pro\/wp-content\/uploads\/2025\/12\/pusty-notatnik-kawa-i-telefon-na-biurku-400-121957175.jpg 400w, https:\/\/strefaoparcia.pro\/wp-content\/uploads\/2025\/12\/pusty-notatnik-kawa-i-telefon-na-biurku-400-121957175-300x300.jpg 300w, https:\/\/strefaoparcia.pro\/wp-content\/uploads\/2025\/12\/pusty-notatnik-kawa-i-telefon-na-biurku-400-121957175-150x150.jpg 150w\" sizes=\"auto, (max-width: 400px) 100vw, 400px\" \/><\/figure>\n<\/div>\n\n\n\n<div class=\"wp-block-column is-layout-flow wp-block-column-is-layout-flow\">\n<figure class=\"wp-block-image size-full\" style=\"margin-bottom:24px\"><img loading=\"lazy\" decoding=\"async\" width=\"1024\" height=\"682\" src=\"https:\/\/strefaoparcia.pro\/wp-content\/uploads\/2025\/12\/praca-w-administracji-biurowej-3-1024x682-1.jpg\" alt=\"\" class=\"wp-image-53\" style=\"aspect-ratio:4\/3;object-fit:cover\" srcset=\"https:\/\/strefaoparcia.pro\/wp-content\/uploads\/2025\/12\/praca-w-administracji-biurowej-3-1024x682-1.jpg 1024w, https:\/\/strefaoparcia.pro\/wp-content\/uploads\/2025\/12\/praca-w-administracji-biurowej-3-1024x682-1-300x200.jpg 300w, https:\/\/strefaoparcia.pro\/wp-content\/uploads\/2025\/12\/praca-w-administracji-biurowej-3-1024x682-1-768x512.jpg 768w\" sizes=\"auto, (max-width: 1024px) 100vw, 1024px\" \/><\/figure>\n<\/div>\n<\/div>\n<\/div>\n\n\n\n<p class=\"wp-block-paragraph\"><strong>Zapraszamy do kontaktu<\/strong><\/p>\n\n\n\n<p class=\"wp-block-paragraph\">Je\u015bli s\u0105 Pa\u0144stwo zainteresowani realizacj\u0105 szkolenia lub przygotowaniem<br><strong>indywidualnej oferty dopasowanej do potrzeb instytucji<\/strong>, zapraszamy do kontaktu.<\/p>\n\n\n\n<p class=\"wp-block-paragraph\">\ud83d\udce7 <strong><a>szkolenia@strefaoparcia.pro<\/a><\/strong><\/p>\n","protected":false},"excerpt":{"rendered":"<p>Wsparcie dla instytucji publicznych Szkolenia Strefy Oparcia maj\u0105 praktyczny charakter i s\u0105 dostosowane do reali\u00f3w pracy: Celem szkole\u0144 jest podnoszenie kompetencji kadry oraz wspieranie instytucji w skutecznej realizacji ich ustawowych zada\u0144. Zakres dzia\u0142alno\u015bci Programy szkole\u0144 mog\u0105 by\u0107 dostosowane do potrzeb konkretnej plac\u00f3wki lub jednostki samorz\u0105du. Dlaczego warto wybra\u0107 Stref\u0119 Oparcia Zapraszamy do kontaktu Je\u015bli s\u0105 [&hellip;]<\/p>\n","protected":false},"author":1,"featured_media":0,"parent":0,"menu_order":0,"comment_status":"closed","ping_status":"closed","template":"","meta":{"_acf_changed":false,"_crdt_document":"","footnotes":""},"class_list":["post-10","page","type-page","status-publish","hentry"],"acf":[],"_links":{"self":[{"href":"https:\/\/strefaoparcia.pro\/index.php\/wp-json\/wp\/v2\/pages\/10","targetHints":{"allow":["GET"]}}],"collection":[{"href":"https:\/\/strefaoparcia.pro\/index.php\/wp-json\/wp\/v2\/pages"}],"about":[{"href":"https:\/\/strefaoparcia.pro\/index.php\/wp-json\/wp\/v2\/types\/page"}],"author":[{"embeddable":true,"href":"https:\/\/strefaoparcia.pro\/index.php\/wp-json\/wp\/v2\/users\/1"}],"replies":[{"embeddable":true,"href":"https:\/\/strefaoparcia.pro\/index.php\/wp-json\/wp\/v2\/comments?post=10"}],"version-history":[{"count":27,"href":"https:\/\/strefaoparcia.pro\/index.php\/wp-json\/wp\/v2\/pages\/10\/revisions"}],"predecessor-version":[{"id":109,"href":"https:\/\/strefaoparcia.pro\/index.php\/wp-json\/wp\/v2\/pages\/10\/revisions\/109"}],"wp:attachment":[{"href":"https:\/\/strefaoparcia.pro\/index.php\/wp-json\/wp\/v2\/media?parent=10"}],"curies":[{"name":"wp","href":"https:\/\/api.w.org\/{rel}","templated":true}]}}